{"id":99,"date":"2012-12-28T10:28:18","date_gmt":"2012-12-28T10:28:18","guid":{"rendered":"http:\/\/www.american-cooking.de\/?page_id=99"},"modified":"2012-12-29T17:28:45","modified_gmt":"2012-12-29T16:28:45","slug":"tex-mex-kuche","status":"publish","type":"page","link":"https:\/\/www.american-cooking.de\/?page_id=99","title":{"rendered":"Tex Mex K\u00fcche"},"content":{"rendered":"<p><span style=\"font-family: Arial; font-size: small;\"><b>Die Tex-Mex K\u00fcche<\/b> ist heute auch in Deutschland schon so bekannt, da\u00df sie eigentlich gar nicht mehr vorgestellt werden mu\u00df. <\/span><\/p>\n<p><span style=\"font-family: Arial; font-size: small;\">Auch die meisten Zutaten sind (im Gegensatz zur Cajun-K\u00fcche) fertig im Feinkosthandel und den Lebensmittelabteilungen der Superm\u00e4rkte zu erhalten. <\/span><\/p>\n<p><span style=\"font-family: Arial; font-size: small;\">Aus diesem Grund hier lediglich ein paar zus\u00e4tzliche n\u00fctzliche Hinweise. <\/span><\/p>\n<p><span style=\"font-family: Arial; font-size: small;\"><b><span style=\"text-decoration: underline;\">Avocados: <\/span><\/b><\/span><\/p>\n<p><span style=\"font-family: Arial; font-size: small;\">Nicht nur als Grundlage f\u00fcr die <b>Guacamole<\/b>, sondern auch als wohlschmeckende Garnitur und Zutat z.B. im Krabbencocktail sehr gesch\u00e4tzt. Harte Fr\u00fcchte bei Zimmertemperatur nachreifen lassen. Wenn es schneller gehen soll, dann zusammen mit einigen \u00c4pfeln in eine Papiert\u00fcte f\u00fcllen.<\/span><\/p>\n<p><span style=\"font-family: Arial; font-size: small;\"><b><span style=\"text-decoration: underline;\">Chilis:<\/span><\/b> <\/span><\/p>\n<p><span style=\"font-family: Arial; font-size: small;\">Im Gegensatz zu Mexico, wo man fast 100 verschiedene Sorten von gr\u00fcn \u00fcber diverse Rott\u00f6ne bis zu lilaschwarz kennt, erh\u00e4lt man bei uns meistens lediglich gr\u00fcne oder rote Pfefferschoten ohne n\u00e4here Sortenbezeichnung und selbst die Namensgebung in Spezialit\u00e4tengesch\u00e4ften besagt h\u00e4ufig nichts \u00fcber Qualit\u00e4t und Sch\u00e4rfe.<br \/>\nWer sicher gehen will, da\u00df er nicht zu viel in den Gerichten verwendet, sollte mit dem Finger \u00fcber eine frische Schnittstelle fahren und dann vorsichtig an diesem Finger lecken um die Sch\u00e4rfe zu pr\u00fcfen.<br \/>\nChilischoten werden vor der Verwendung der L\u00e4nge nach halbiert, vom Stielansatz befreit und mit dem R\u00fccken des Gem\u00fcsemessers entkernt (ausgeschabt). Getrocknete Chilischoten m\u00fcssen zum Entkernen in warmen Wasser eingeweicht werden. Wen es nicht st\u00f6rt, u.U. auf einen der brennend scharfen Kerne zu bei\u00dfen, kann die Schoten nat\u00fcrlich auch nicht entkernt verwenden.<\/span><\/p>\n<p><span style=\"font-family: Arial; font-size: small;\"><b><span style=\"text-decoration: underline;\">Tomatillos:<\/span><\/b><\/span><\/p>\n<p><span style=\"font-family: Arial;\"><span style=\"font-size: small;\">Diese zur Familie der Stachelbeeren geh\u00f6renden Fr\u00fcchte werden oft auch als &#8222;gr\u00fcne Tomaten&#8220; bezeichnet. Die dicke Schale mu\u00df vor der Verwendung der Frucht entfernt werden. Sofern die Tomatillos gl\u00e4nzend gr\u00fcn sind, handelt es sich um unreife Fr\u00fcchte. Reife Fr\u00fcchte sind hellgr\u00fcn bis gelblich.<\/span><\/span><\/p>\n<p>Rezept\u00fcbersicht:<\/p>\n<p><strong><em><ul class=\"postlist\"><li><a href=\"https:\/\/www.american-cooking.de\/?p=570\">Salsa Rosso-Verde<\/a><\/li><li><a href=\"https:\/\/www.american-cooking.de\/?p=243\">Breakfast Burrito<\/a><\/li><li><a href=\"https:\/\/www.american-cooking.de\/?p=241\">P i s t o<\/a><\/li><li><a href=\"https:\/\/www.american-cooking.de\/?p=236\">Venison stew with rice<\/a><\/li><li><a href=\"https:\/\/www.american-cooking.de\/?p=221\">Blumenkohl mit roter Serrano Sauce<\/a><\/li><li><a href=\"https:\/\/www.american-cooking.de\/?p=217\">Mexicanische R\u00fchreier<\/a><\/li><li><a href=\"https:\/\/www.american-cooking.de\/?p=214\">Fajitas de pollo  (Chicken Fajitas)<\/a><\/li><li><a href=\"https:\/\/www.american-cooking.de\/?p=209\">Gr\u00fcne Erbsensauce<\/a><\/li><li><a href=\"https:\/\/www.american-cooking.de\/?p=205\">Albondigas<\/a><\/li><li><a href=\"https:\/\/www.american-cooking.de\/?p=202\">Fajitas<\/a><\/li><li><a href=\"https:\/\/www.american-cooking.de\/?p=200\">Tortillas<\/a><\/li><li><a href=\"https:\/\/www.american-cooking.de\/?p=198\">Guacamole<\/a><\/li><li><a href=\"https:\/\/www.american-cooking.de\/?p=196\">Die Tex-Mex K\u00fcche<\/a><\/li><li><a href=\"https:\/\/www.american-cooking.de\/?p=137\">Tex &#8211; Mex Steak \u201eSandwiches\u201c<\/a><\/li><\/ul><\/em><\/strong><\/p>\n","protected":false},"excerpt":{"rendered":"<p>Die Tex-Mex K\u00fcche ist heute auch in Deutschland schon so bekannt, da\u00df sie eigentlich gar nicht mehr vorgestellt werden mu\u00df. Auch die meisten Zutaten sind (im Gegensatz zur Cajun-K\u00fcche) fertig im Feinkosthandel und den Lebensmittelabteilungen der Superm\u00e4rkte zu erhalten. Aus &hellip; <a href=\"https:\/\/www.american-cooking.de\/?p=137\">Weiterlesen <span class=\"meta-nav\">&rarr;<\/span><\/a><\/p>\n","protected":false},"author":1,"featured_media":747,"parent":0,"menu_order":0,"comment_status":"open","ping_status":"open","template":"sidebar-page.php","meta":{"jetpack_post_was_ever_published":false,"footnotes":""},"class_list":["post-99","page","type-page","status-publish","has-post-thumbnail","hentry"],"jetpack_shortlink":"https:\/\/wp.me\/P4tbSL-1B","jetpack_sharing_enabled":true,"_links":{"self":[{"href":"https:\/\/www.american-cooking.de\/index.php?rest_route=\/wp\/v2\/pages\/99","targetHints":{"allow":["GET"]}}],"collection":[{"href":"https:\/\/www.american-cooking.de\/index.php?rest_route=\/wp\/v2\/pages"}],"about":[{"href":"https:\/\/www.american-cooking.de\/index.php?rest_route=\/wp\/v2\/types\/page"}],"author":[{"embeddable":true,"href":"https:\/\/www.american-cooking.de\/index.php?rest_route=\/wp\/v2\/users\/1"}],"replies":[{"embeddable":true,"href":"https:\/\/www.american-cooking.de\/index.php?rest_route=%2Fwp%2Fv2%2Fcomments&post=99"}],"version-history":[{"count":4,"href":"https:\/\/www.american-cooking.de\/index.php?rest_route=\/wp\/v2\/pages\/99\/revisions"}],"predecessor-version":[{"id":748,"href":"https:\/\/www.american-cooking.de\/index.php?rest_route=\/wp\/v2\/pages\/99\/revisions\/748"}],"wp:featuredmedia":[{"embeddable":true,"href":"https:\/\/www.american-cooking.de\/index.php?rest_route=\/wp\/v2\/media\/747"}],"wp:attachment":[{"href":"https:\/\/www.american-cooking.de\/index.php?rest_route=%2Fwp%2Fv2%2Fmedia&parent=99"}],"curies":[{"name":"wp","href":"https:\/\/api.w.org\/{rel}","templated":true}]}}