{"id":70,"date":"2012-12-28T09:59:31","date_gmt":"2012-12-28T09:59:31","guid":{"rendered":"http:\/\/www.american-cooking.de\/?page_id=70"},"modified":"2012-12-29T17:24:35","modified_gmt":"2012-12-29T16:24:35","slug":"cajun-kuche-und-kreolische-gerichte","status":"publish","type":"page","link":"https:\/\/www.american-cooking.de\/?page_id=70","title":{"rendered":"Cajun K\u00fcche und Kreolische Gerichte"},"content":{"rendered":"<p>Eine landestypische K\u00fcche aus dem S\u00fcdosten der USA, genauer gesagt aus Louisiana.<br \/>\nDie &#8222;Cajun&#8220; &#8211; eine englische &#8222;Verballhornung&#8220; des Namens Arkadier &#8211; stammen urspr\u00fcnglich von franz\u00f6sischen Einwanderern, die zun\u00e4chst im 17. Jahrhundert nach Kanada, dann aber im Laufe der Geschichte bis in die S\u00fcmpfe Louisianas weiterzogen.Kreolen wurde die Bev\u00f6lkerung in und um New Orleans genannt, die sich aus der Mischung von Indianern, Spaniern, Franzosen und Afrikanern gebildet hatte.<br \/>\nTypische Zutaten:Andouille &#8211; pikante, ger\u00e4ucherte Wurst, \u00e4hnlich der spanischen Chorizo,gibt es inzwischen auch bei uns in den Superm\u00e4rkten.Cajun-Gem\u00fcse &#8211; besteht aus: 1 gro\u00dfen Gem\u00fcsezwiebel, 1 gr\u00fcnen Paprikaschote, 2 Stangen Stauden-Sellerie in feine W\u00fcrfel geschnitten.(ergibt ca. 500-600gr. Gem\u00fcsemischung)Cajun-Gew\u00fcrz &#8211; eine f\u00fcr die Cajun-K\u00fcche charakterische Mischung aus Gew\u00fcrzen und Kr\u00e4utern: 1 EL Knoblauchpulver, 1 EL Zwiebelpulver, 2 TL wei\u00dfer Pfeffer (fein gemahlen), 2 TL schwarzer Pfeffer (grob gemahlen), 1 1\/2 TL Cayennepfeffer, 2 TL getr. Thymian, 1\/2 Tl getr. Oregano &#8211; gut miteinander vermischen und in einem Gew\u00fcrzglas aufbewahren.<br \/>\nOkra &#8211; Gem\u00fcse, welches die Speisen durch bestimmte gallertartige Inhaltsstoffe andickt.<br \/>\nTasso &#8211; ein kr\u00e4ftig gew\u00fcrzter Rauchschinken (bei uns kaum erh\u00e4ltlich &#8211; kann durch gekochten Schinken oder besser noch durch Kasseler ersetzt werden).<br \/>\nHier eine Liste der Gerichte:<br \/>\n<ul class=\"postlist\"><li><a href=\"https:\/\/www.american-cooking.de\/?p=159\">Red Beans and Rice<\/a><\/li><li><a href=\"https:\/\/www.american-cooking.de\/?p=155\">Dirty Rice<\/a><\/li><li><a href=\"https:\/\/www.american-cooking.de\/?p=153\">Creole Chicken Gumbo<\/a><\/li><li><a href=\"https:\/\/www.american-cooking.de\/?p=151\">Pikante Miesmuscheln<\/a><\/li><li><a href=\"https:\/\/www.american-cooking.de\/?p=149\">Huhn nach Kreolenart<\/a><\/li><li><a href=\"https:\/\/www.american-cooking.de\/?p=145\">Jambalaya  mit Garnelen<\/a><\/li><li><a href=\"https:\/\/www.american-cooking.de\/?p=143\">Spare-Ribs \u201eLouisiana\u201c<\/a><\/li><li><a href=\"https:\/\/www.american-cooking.de\/?p=141\">Cajun Grill-Ribs<\/a><\/li><li><a href=\"https:\/\/www.american-cooking.de\/?p=82\">Roux<\/a><\/li><\/ul><\/p>\n","protected":false},"excerpt":{"rendered":"<p>Eine landestypische K\u00fcche aus dem S\u00fcdosten der USA, genauer gesagt aus Louisiana. Die &#8222;Cajun&#8220; &#8211; eine englische &#8222;Verballhornung&#8220; des Namens Arkadier &#8211; stammen urspr\u00fcnglich von franz\u00f6sischen Einwanderern, die zun\u00e4chst im 17. Jahrhundert nach Kanada, dann aber im Laufe der Geschichte &hellip; <a href=\"https:\/\/www.american-cooking.de\/?p=82\">Weiterlesen <span class=\"meta-nav\">&rarr;<\/span><\/a><\/p>\n","protected":false},"author":1,"featured_media":735,"parent":0,"menu_order":0,"comment_status":"open","ping_status":"open","template":"sidebar-page.php","meta":{"jetpack_post_was_ever_published":false,"footnotes":""},"class_list":["post-70","page","type-page","status-publish","has-post-thumbnail","hentry"],"jetpack_shortlink":"https:\/\/wp.me\/P4tbSL-18","jetpack_sharing_enabled":true,"_links":{"self":[{"href":"https:\/\/www.american-cooking.de\/index.php?rest_route=\/wp\/v2\/pages\/70","targetHints":{"allow":["GET"]}}],"collection":[{"href":"https:\/\/www.american-cooking.de\/index.php?rest_route=\/wp\/v2\/pages"}],"about":[{"href":"https:\/\/www.american-cooking.de\/index.php?rest_route=\/wp\/v2\/types\/page"}],"author":[{"embeddable":true,"href":"https:\/\/www.american-cooking.de\/index.php?rest_route=\/wp\/v2\/users\/1"}],"replies":[{"embeddable":true,"href":"https:\/\/www.american-cooking.de\/index.php?rest_route=%2Fwp%2Fv2%2Fcomments&post=70"}],"version-history":[{"count":12,"href":"https:\/\/www.american-cooking.de\/index.php?rest_route=\/wp\/v2\/pages\/70\/revisions"}],"predecessor-version":[{"id":736,"href":"https:\/\/www.american-cooking.de\/index.php?rest_route=\/wp\/v2\/pages\/70\/revisions\/736"}],"wp:featuredmedia":[{"embeddable":true,"href":"https:\/\/www.american-cooking.de\/index.php?rest_route=\/wp\/v2\/media\/735"}],"wp:attachment":[{"href":"https:\/\/www.american-cooking.de\/index.php?rest_route=%2Fwp%2Fv2%2Fmedia&parent=70"}],"curies":[{"name":"wp","href":"https:\/\/api.w.org\/{rel}","templated":true}]}}