{"id":2,"date":"2012-12-27T18:23:42","date_gmt":"2012-12-27T18:23:42","guid":{"rendered":"http:\/\/www.american-cooking.de\/?page_id=2"},"modified":"2021-08-10T12:01:50","modified_gmt":"2021-08-10T10:01:50","slug":"sample-page","status":"publish","type":"page","link":"https:\/\/www.american-cooking.de\/","title":{"rendered":"Amerikanische K\u00fcche"},"content":{"rendered":"<p><!--StyleSheet Link--><span style=\"font-family: Arial; font-size: small;\"><strong>Die K\u00fcche in den einzelnen Gegenden der USA<\/strong><br \/>\n<strong><em>(Vorwort und Einf\u00fchrung zur Rezeptsammlung) \u00a0<\/em><\/strong><\/span><\/p>\n<p><span style=\"font-family: Arial; font-size: small;\">Zum Gl\u00fcck ist die Zeit vorbei, als f\u00fcr uns Europ\u00e4er, besonders uns Deutsche, das Essen der Amerikaner lediglich aus Steaks, Hamburgern, &#8222;fried chicken&#8220; und &#8222;chips&#8220; zu bestehen schien.<br \/>\nNicht verwunderlich eigentlich, wenn man bedenkt, da\u00df in den hochgepriesenen &#8222;Fast-Food-Ketten&#8220; (Namensnennung er\u00fcbrigt sich ja wohl) nichts Anderes angeboten wird.<br \/>\nAber genauso, wie der Italiener sich nicht nur von Pizza und Spaghetti ern\u00e4hrt und der T\u00fcrke ausschlie\u00dflich von &#8222;D\u00f6ner&#8220;, so hat es sich inzwischen herumgesprochen, dass die amerikanische K\u00fcche sehr viel mehr zu bieten hat!<br \/>\nJa &#8211; und wenn manch Einer beim Lesen der Rezepte auf den Gedanken kommen sollte, dass ihm das eine oder andere Gericht gar nicht so ganz unbekannt vorkommt, so hat das nat\u00fcrlich auch seine Gr\u00fcnde.<br \/>\nAuch wenn der Amerikaner &#8211; egal, woher einmal seine Vorfahren gekommen sind &#8211; sehr stolz darauf ist, dass er Amerikaner ist, so l\u00e4sst sich eine gewisse Liebe zur urspr\u00fcnglichen Herkunft dann doch nicht verleugnen und das spiegelt sich dann auch in der amerikanischen K\u00fcche wieder!<br \/>\nAls bestes Beispiel sei hier eingeflochten:<br \/>\nCountry-Music Star DAVE DUDLEY, dessen eine Gro\u00dfmutter aus Ostpreu\u00dfen stammte, schw\u00e4rmt heute noch von ihren &#8222;K\u00f6nigsberger Kl\u00f6psen&#8220; und probiert &#8211; w\u00e4hrend seiner Deutschlandtourneen &#8211; immer wieder mal, ob sie in &#8222;Good Old Germany&#8220; \u00a0auch noch so gut schmecken, wie die, die seine Gro\u00dfmutter kochte!<br \/>\nDas &#8222;Eigene Gepr\u00e4ge&#8220; der heutigen Rezepte der amerikanischen K\u00fcche erhielte diese Gerichte zuerst einmal durch die nat\u00fcrlichen Gegebenheiten der einzelnen Landstriche und dann nat\u00fcrlich aus den Herk\u00fcnften der Rezepte und der Vermischung von verschiedenen Kulturen und E\u00dfgewohnheiten, wo auch die urspr\u00fcngliche K\u00fcche der indianischen St\u00e4mme zum Teil mit eingeflossen ist.<br \/>\nIn &#8222;Neuengland&#8220;, wo damals die Pilgerv\u00e4ter landeten, wurden die ersten amerikanischen Mahlzeiten gekocht. Hier &#8222;erfand&#8220; man damals die CHOWDERS (abgeleitet von franz. chaudi\u00e8re = Kessel), gemeinsame Gerichte, zu denen jeder etwas beitrug und von denen jeder etwas abbekam. Also im Grunde genommen Nichts Anderes als das, was wir bei uns als Eintopf bezeichnen.<br \/>\nHeute noch bekannt und beliebt sind die &#8222;clam-chowders&#8220;, Suppen aus Bacon, Zwiebeln, Kartoffeln und Milch, in denen die Muscheln gekocht werden. Sofern man die Muscheln (grob ausgedr\u00fcckt) durch einen Maisbrei ersetzt, erh\u00e4lt man einen &#8222;corn-chowder&#8220;.<br \/>\nVor allem an den K\u00fcsten, egal ob Ost oder West, sind auch heute noch Fischgerichte, die schon damals gekocht wurden, gute Tradition.<br \/>\nDie ber\u00fchmten &#8222;cod-fish balls&#8220; (Kabeljaukl\u00f6\u00dfe in Tomatensauce), &#8222;Boston scrod&#8220; oder &#8222;shad-roe&#8220; und &#8222;haddock&#8220; sind neben dem &#8222;Thanksgiving-Turkey&#8220; und den &#8222;red flanned hash&#8220; Spezialit\u00e4ten dieser Region. In Pensylvanien ist z.B. die K\u00fcche deutschst\u00e4mmig, die ersten Siedler, die sich hier niederlie\u00dfen, kamen aus der Pfalz. So ist es nicht verwunderlich, wenn man hier \u00fcber &#8222;Schnitzel&#8220; und &#8222;Sauerkraut&#8220; stolpert, wenn man die Speisekarten der Restaurants in H\u00e4nden h\u00e4lt.<br \/>\nIn Wisconsin gibt es, bedingt durch Viehzucht und Milchwirtschaft, viele Gerichte mit Sahne oder K\u00e4se, aber auch &#8222;Sauerbraten&#8220; ist hier &#8222;zu hause&#8220;.<br \/>\nIm Nachbarstaat Minnesota siedelten u.A. viele Skandinavier, die dann auch hier die K\u00fcche pr\u00e4gten. So findet sich das traditionelle skandinavische &#8222;Sm\u00f6rgasbord&#8220; in den &#8222;buffet-dinners&#8220; und den zum Cocktail gereichten &#8222;appetizers&#8220; wieder. R\u00e4ucherfisch, hart gekochte Eier, Gelees von Gem\u00fcsen oder Gefl\u00fcgelaspik und die nordische Kuchenb\u00e4ckerei pr\u00e4gen hier das Bild.<br \/>\nIn Michigan f\u00fchlt man sich fast nach Holland versetzt. Nicht nur riesige Selleriefelder, sondern auch Tulpenfelder sind keine Seltenheit. Sogar klappernde Holzschuhe (zumindest noch bei den Festivit\u00e4ten) und holl\u00e4ndische St\u00e4dtenamen wie Zeeland oder Harlem zeigen, wer hier zuerst gesiedelt hat. Erbsen~, Bohnen~ und Kartoffelsuppen, eingelegte Heringe in Zwiebel-Sahne-Sauce und im Sommer Kaltschalen aus Johannisbeeren und im Winter: spek met wittekol (Speck mit Wei\u00dfkohl) sind hier gut bekannt.<br \/>\n<!--StyleSheet Link--><span style=\"font-family: Arial; font-size: small;\">Die ganze Gegend, ein riesiges Gebiet um die gro\u00dfen Seen, bis weit in den s\u00fcdlichen Teil des &#8222;Mittleren Westens&#8220; hinein ist f\u00fcr ihre Fruchtbarkeit bekannt und wird nicht umsonst die Kornkammer, oder aber auch der Gem\u00fcsegarten der USA genannt.<br \/>\nIn den Gew\u00e4ssern wimmelt es von Fischen &#8211; Hechte, Karpfen, Forellen, Aale, Stinte und dem bei uns unbekannten &#8222;whitefish&#8220;, einem wei\u00dfen und gr\u00fcnen Fisch mit sehr feinem Fleisch.<br \/>\nGebratene H\u00fchner sind hier sehr beliebt und in den St\u00e4dten preisen die Restaurants ihre &#8222;chicken-dinners&#8220; an. Doch Vorsicht ist geboten, wenn auf der Speisekarte Chicago chicken legs verzeichnet sind &#8211; das sind n\u00e4mlich panierte, gebratene Hackfleischkl\u00f6\u00dfe in Gestalt von H\u00fchnerbeinen!<br \/>\nIn den Staaten an der westlichen K\u00fcste, also Kalifornien, Oregon und Washington dominieren nar\u00fcrlich Fische und Meeresfr\u00fcchte, aber auch Obst, wie gebackene Orangen als Beilage, oder Bananen, Ananas, Aprikosen, Feigen, Datteln, Pflaumen und Trauben haben ihren festen Platz in der K\u00fcche der Region. Aus den W\u00e4ldern von Oregon wird fast die ganze USA mit Wildbret (Ren u. Elen) versorgt.<br \/>\nIm S\u00fcdwesten der USA, den Staaten Texas, Arizona und Neu-Mexico \u00fcberwiegt (bedingt durch die von Mexico aus erfolgte Einwanderung) die heute so genannte &#8222;Tex-Mex K\u00fcche&#8220; . Da die Spezialit\u00e4ten heute, zumindest dem Namen nach, auch bei uns bekannt sind, wird hier nicht n\u00e4her darauf eingegangen, aber die Rezepte dieser Region sind in der schon vorliegenden &#8211; und st\u00e4ndig erweitert werdenden -Rezeptesammlung besonders gekennzeichnet.<br \/>\nDas Gebiet, das man gew\u00f6hnlich den &#8222;S\u00fcden der USA&#8220; bezeichnet, ist ein riesiges Gebiet, das die Staaten Maryland, Virginia, Kentucky, Tennessee, Carolina, Mississippi, Louisiana, Alabama, Georgia und Florida beinhaltet.<br \/>\nHier ragt besonders Louisiana mit der Cajun K\u00fcche hervor. Auch diese Gerichte sind besonders in der Rezeptesammlung bezeichnet.<br \/>\nVirginia ist f\u00fcr seine Schinkenspezialit\u00e4ten inzwischen auch au\u00dferhalb der USA bekannt. Florida durch Fischgericht und Meeresfr\u00fcchte, Muscheln gibt es hier in unendlicher Vielfalt. S\u00fcdcarolina wartet mit Spanferkelgerichten und Geb\u00e4ck auf und in Maryland ist die Tomate die K\u00f6nigin der K\u00fcche. Also, wenn auch die Amerikaner an ihren Gewohnheiten und kulinarischen Spezialit\u00e4ten festhalten, so sind sie aber &#8211; zumindest heute und vermutlich schon fr\u00fcher als wir in Europa &#8211; den fremdl\u00e4ndischen asiatischen K\u00fcchen gegen\u00fcber sehr aufgeschlossen. Etwas gew\u00f6hnungsbed\u00fcrftig d\u00fcrfte die Umstellung auf das amerikanische Ma\u00dfsystem \u201eCup\u201c sein, Umrechnungsbeispiele, die noch erweitert werden, finden Sie weiter unten bei den Rezepten.<br \/>\nDie Beschaffung der Zutaten k\u00f6nnte manchmal etwas problematisch werden, aber auch dabei k\u00f6nnen wir behilflich sein, hier eine Adresse, wo Sie sicher das Meiste erhalten k\u00f6nnen:<br \/>\nDieter M\u00fchlena <\/span>\u00a0 <\/span><\/p>\n","protected":false},"excerpt":{"rendered":"<p>Die K\u00fcche in den einzelnen Gegenden der USA (Vorwort und Einf\u00fchrung zur Rezeptsammlung) \u00a0 Zum Gl\u00fcck ist die Zeit vorbei, als f\u00fcr uns Europ\u00e4er, besonders uns Deutsche, das Essen der Amerikaner lediglich aus Steaks, Hamburgern, &#8222;fried chicken&#8220; und &#8222;chips&#8220; zu &hellip; <a href=\"https:\/\/www.american-cooking.de\/\">Weiterlesen <span class=\"meta-nav\">&rarr;<\/span><\/a><\/p>\n","protected":false},"author":1,"featured_media":0,"parent":0,"menu_order":0,"comment_status":"closed","ping_status":"open","template":"sidebar-page.php","meta":{"jetpack_post_was_ever_published":false,"footnotes":""},"class_list":["post-2","page","type-page","status-publish","hentry"],"jetpack_shortlink":"https:\/\/wp.me\/P4tbSL-2","jetpack_sharing_enabled":true,"_links":{"self":[{"href":"https:\/\/www.american-cooking.de\/index.php?rest_route=\/wp\/v2\/pages\/2","targetHints":{"allow":["GET"]}}],"collection":[{"href":"https:\/\/www.american-cooking.de\/index.php?rest_route=\/wp\/v2\/pages"}],"about":[{"href":"https:\/\/www.american-cooking.de\/index.php?rest_route=\/wp\/v2\/types\/page"}],"author":[{"embeddable":true,"href":"https:\/\/www.american-cooking.de\/index.php?rest_route=\/wp\/v2\/users\/1"}],"replies":[{"embeddable":true,"href":"https:\/\/www.american-cooking.de\/index.php?rest_route=%2Fwp%2Fv2%2Fcomments&post=2"}],"version-history":[{"count":8,"href":"https:\/\/www.american-cooking.de\/index.php?rest_route=\/wp\/v2\/pages\/2\/revisions"}],"predecessor-version":[{"id":626,"href":"https:\/\/www.american-cooking.de\/index.php?rest_route=\/wp\/v2\/pages\/2\/revisions\/626"}],"wp:attachment":[{"href":"https:\/\/www.american-cooking.de\/index.php?rest_route=%2Fwp%2Fv2%2Fmedia&parent=2"}],"curies":[{"name":"wp","href":"https:\/\/api.w.org\/{rel}","templated":true}]}}