{"id":116,"date":"2012-12-28T10:46:20","date_gmt":"2012-12-28T10:46:20","guid":{"rendered":"http:\/\/www.american-cooking.de\/?page_id=116"},"modified":"2012-12-29T17:26:24","modified_gmt":"2012-12-29T16:26:24","slug":"geback","status":"publish","type":"page","link":"https:\/\/www.american-cooking.de\/?page_id=116","title":{"rendered":"Geb\u00e4ck"},"content":{"rendered":"<p>Einige typisch Amerikanische Geb\u00e4ckspezialit\u00e4ten<\/p>\n<p><strong><em><ul class=\"postlist\"><li><a href=\"https:\/\/www.american-cooking.de\/?p=446\">Maisbrot (Cornbread)<\/a><\/li><li><a href=\"https:\/\/www.american-cooking.de\/?p=438\">Typisches amerikanisches Wei\u00dfbrot (\u00e4hnlich unserem Toast)<\/a><\/li><li><a href=\"https:\/\/www.american-cooking.de\/?p=436\">Hush Puppies (frittierte Maiskrapfen)<\/a><\/li><li><a href=\"https:\/\/www.american-cooking.de\/?p=430\">Muffins<\/a><\/li><li><a href=\"https:\/\/www.american-cooking.de\/?p=419\">Ingwerk\u00fcchlein (Gingerbread Cakes  )<\/a><\/li><li><a href=\"https:\/\/www.american-cooking.de\/?p=415\">Zuckerpl\u00e4tzchen aus Virginia (Williamsburg Sugar Cookies)<\/a><\/li><li><a href=\"https:\/\/www.american-cooking.de\/?p=412\">Fruchtige  Haferpl\u00e4tzchen (Oatmeal-Fruit-Cookies)<\/a><\/li><li><a href=\"https:\/\/www.american-cooking.de\/?p=408\">Pecannuss-Schnitten<\/a><\/li><li><a href=\"https:\/\/www.american-cooking.de\/?p=403\">Schokolade-Nusskuchen<\/a><\/li><li><a href=\"https:\/\/www.american-cooking.de\/?p=399\">Pecan Pie (Pecannu\u00df-Torte)<\/a><\/li><li><a href=\"https:\/\/www.american-cooking.de\/?p=395\">Irish &#8211; Honey &#8211; Bread<\/a><\/li><li><a href=\"https:\/\/www.american-cooking.de\/?p=390\">Blueberry-Bread<\/a><\/li><li><a href=\"https:\/\/www.american-cooking.de\/?p=388\">Gingerbread<\/a><\/li><li><a href=\"https:\/\/www.american-cooking.de\/?p=386\">Apfel &#8211; Nu\u00df &#8211; Brot<\/a><\/li><li><a href=\"https:\/\/www.american-cooking.de\/?p=380\">Apfelbrot<\/a><\/li><li><a href=\"https:\/\/www.american-cooking.de\/?p=312\">Pumpkin &#8211; Pie<\/a><\/li><li><a href=\"https:\/\/www.american-cooking.de\/?p=177\">Indian Fry Bread (Navaho 2)<\/a><\/li><li><a href=\"https:\/\/www.american-cooking.de\/?p=175\">Indian Fry Bread (Navaho)<\/a><\/li><li><a href=\"https:\/\/www.american-cooking.de\/?p=173\">Indian Fry Bread (Oneida)<\/a><\/li><li><a href=\"https:\/\/www.american-cooking.de\/?p=171\">Indian Fry Bread (Seminole)<\/a><\/li><\/ul><\/em><\/strong><\/p>\n","protected":false},"excerpt":{"rendered":"<p>Einige typisch Amerikanische Geb\u00e4ckspezialit\u00e4ten<\/p>\n","protected":false},"author":1,"featured_media":741,"parent":0,"menu_order":0,"comment_status":"open","ping_status":"open","template":"sidebar-page.php","meta":{"jetpack_post_was_ever_published":false,"footnotes":""},"class_list":["post-116","page","type-page","status-publish","has-post-thumbnail","hentry"],"jetpack_shortlink":"https:\/\/wp.me\/P4tbSL-1S","jetpack_sharing_enabled":true,"_links":{"self":[{"href":"https:\/\/www.american-cooking.de\/index.php?rest_route=\/wp\/v2\/pages\/116","targetHints":{"allow":["GET"]}}],"collection":[{"href":"https:\/\/www.american-cooking.de\/index.php?rest_route=\/wp\/v2\/pages"}],"about":[{"href":"https:\/\/www.american-cooking.de\/index.php?rest_route=\/wp\/v2\/types\/page"}],"author":[{"embeddable":true,"href":"https:\/\/www.american-cooking.de\/index.php?rest_route=\/wp\/v2\/users\/1"}],"replies":[{"embeddable":true,"href":"https:\/\/www.american-cooking.de\/index.php?rest_route=%2Fwp%2Fv2%2Fcomments&post=116"}],"version-history":[{"count":6,"href":"https:\/\/www.american-cooking.de\/index.php?rest_route=\/wp\/v2\/pages\/116\/revisions"}],"predecessor-version":[{"id":630,"href":"https:\/\/www.american-cooking.de\/index.php?rest_route=\/wp\/v2\/pages\/116\/revisions\/630"}],"wp:featuredmedia":[{"embeddable":true,"href":"https:\/\/www.american-cooking.de\/index.php?rest_route=\/wp\/v2\/media\/741"}],"wp:attachment":[{"href":"https:\/\/www.american-cooking.de\/index.php?rest_route=%2Fwp%2Fv2%2Fmedia&parent=116"}],"curies":[{"name":"wp","href":"https:\/\/api.w.org\/{rel}","templated":true}]}}