{"id":102,"date":"2012-12-28T10:34:29","date_gmt":"2012-12-28T10:34:29","guid":{"rendered":"http:\/\/www.american-cooking.de\/?page_id=102"},"modified":"2012-12-29T17:25:46","modified_gmt":"2012-12-29T16:25:46","slug":"hawaiianische-kuche","status":"publish","type":"page","link":"https:\/\/www.american-cooking.de\/?page_id=102","title":{"rendered":"Hawaiianische K\u00fcche"},"content":{"rendered":"<p><span style=\"font-size: small;\">Einer der US-Staaten, und zwar der letzte, der in die Vereinigten Staaten aufgenommen wurde, ist Hawaii. Die Hawaiianische K\u00fcche unterscheidet sich nat\u00fcrlich zum Teil stark von der allgemeinen amerikanischen K\u00fcche, da sie von den K\u00fcchen der anderen Pazifischen Inseln, aber auch von Japan beeinflusst ist.<br \/>\nDa viele der Hawaiianischen Rezepte ganz bestimmter Zutaten bed\u00fcrfen, die hier bei uns (da Frischware) absolut nicht erh\u00e4ltlich sind, habe ich auf solche Rezepte, die z.B. \u201eTi \u2013 Bl\u00e4tter\u201c, \u201eTaro \u2013 Wurzel\u201c, oder andere nicht erh\u00e4ltliche Zutaten ben\u00f6tigen, ganz bewusst verzichtet.<br \/>\nBei den Fischrezepten ist es schon eher m\u00f6glich, auf andere Fischsorten auszuweichen, als im Originalrezept vorgesehen<\/span><\/p>\n<p>Rezept\u00fcbersicht:<br \/>\n<strong><em><ul class=\"postlist\"><li><a href=\"https:\/\/www.american-cooking.de\/?p=557\">Hawaiian-Mango-Barbecue-Sauce<\/a><\/li><li><a href=\"https:\/\/www.american-cooking.de\/?p=316\">S\u00fc\u00dfkartoffelauflauf (mit karamellisierten Ananasw\u00fcrfeln)<\/a><\/li><li><a href=\"https:\/\/www.american-cooking.de\/?p=310\">Schweinefleisch \u2013 ADOBO<\/a><\/li><li><a href=\"https:\/\/www.american-cooking.de\/?p=306\">Philippinische\u201c  Rouladen (Morc\u00f3n)<\/a><\/li><li><a href=\"https:\/\/www.american-cooking.de\/?p=300\">Moa Luau (gekochtes Huhn mit Kokosmilch und Spinat)<\/a><\/li><li><a href=\"https:\/\/www.american-cooking.de\/?p=296\">Marinierte \u201eTariyaki\u201c Steaks<\/a><\/li><li><a href=\"https:\/\/www.american-cooking.de\/?p=290\">Mariniertes Fleisch \u2013 gegrillt<\/a><\/li><li><a href=\"https:\/\/www.american-cooking.de\/?p=285\">Mango \u2013 Kuchen (Mango Bread)<\/a><\/li><li><a href=\"https:\/\/www.american-cooking.de\/?p=282\">Laulau (Lachs und Schweinefleisch)<\/a><\/li><li><a href=\"https:\/\/www.american-cooking.de\/?p=280\">Kokosmilch<\/a><\/li><li><a href=\"https:\/\/www.american-cooking.de\/?p=277\">Hawaiianischer Bohnen-Eintopf<\/a><\/li><li><a href=\"https:\/\/www.american-cooking.de\/?p=273\">Haupia (Kokosnusspudding)<\/a><\/li><li><a href=\"https:\/\/www.american-cooking.de\/?p=264\">Gef\u00fcllte Ente auf Hawaiianische Art (Rellenado de Pato)<\/a><\/li><li><a href=\"https:\/\/www.american-cooking.de\/?p=262\">Fleischsuppe nach Phillipinischer Art (Picadillo)<\/a><\/li><li><a href=\"https:\/\/www.american-cooking.de\/?p=257\">Fisch mit Eiersauce (Pescado con salsa de huevos)<\/a><\/li><li><a href=\"https:\/\/www.american-cooking.de\/?p=251\">Fischfilet im Macadamiamantel<\/a><\/li><li><a href=\"https:\/\/www.american-cooking.de\/?p=248\">Die Hawaiianische K\u00fcche<\/a><\/li><\/ul><\/em><\/strong><\/p>\n","protected":false},"excerpt":{"rendered":"<p>Einer der US-Staaten, und zwar der letzte, der in die Vereinigten Staaten aufgenommen wurde, ist Hawaii. Die Hawaiianische K\u00fcche unterscheidet sich nat\u00fcrlich zum Teil stark von der allgemeinen amerikanischen K\u00fcche, da sie von den K\u00fcchen der anderen Pazifischen Inseln, aber &hellip; <a href=\"https:\/\/www.american-cooking.de\/?p=248\">Weiterlesen <span class=\"meta-nav\">&rarr;<\/span><\/a><\/p>\n","protected":false},"author":1,"featured_media":739,"parent":0,"menu_order":0,"comment_status":"open","ping_status":"open","template":"sidebar-page.php","meta":{"footnotes":""},"class_list":["post-102","page","type-page","status-publish","has-post-thumbnail","hentry"],"jetpack_shortlink":"https:\/\/wp.me\/P4tbSL-1E","jetpack_sharing_enabled":true,"_links":{"self":[{"href":"https:\/\/www.american-cooking.de\/index.php?rest_route=\/wp\/v2\/pages\/102","targetHints":{"allow":["GET"]}}],"collection":[{"href":"https:\/\/www.american-cooking.de\/index.php?rest_route=\/wp\/v2\/pages"}],"about":[{"href":"https:\/\/www.american-cooking.de\/index.php?rest_route=\/wp\/v2\/types\/page"}],"author":[{"embeddable":true,"href":"https:\/\/www.american-cooking.de\/index.php?rest_route=\/wp\/v2\/users\/1"}],"replies":[{"embeddable":true,"href":"https:\/\/www.american-cooking.de\/index.php?rest_route=%2Fwp%2Fv2%2Fcomments&post=102"}],"version-history":[{"count":4,"href":"https:\/\/www.american-cooking.de\/index.php?rest_route=\/wp\/v2\/pages\/102\/revisions"}],"predecessor-version":[{"id":740,"href":"https:\/\/www.american-cooking.de\/index.php?rest_route=\/wp\/v2\/pages\/102\/revisions\/740"}],"wp:featuredmedia":[{"embeddable":true,"href":"https:\/\/www.american-cooking.de\/index.php?rest_route=\/wp\/v2\/media\/739"}],"wp:attachment":[{"href":"https:\/\/www.american-cooking.de\/index.php?rest_route=%2Fwp%2Fv2%2Fmedia&parent=102"}],"curies":[{"name":"wp","href":"https:\/\/api.w.org\/{rel}","templated":true}]}}